{"id":36,"date":"2020-12-29T00:50:24","date_gmt":"2020-12-28T23:50:24","guid":{"rendered":"https:\/\/www.partaginfo.mzw.fr\/?page_id=36"},"modified":"2020-12-29T00:50:24","modified_gmt":"2020-12-28T23:50:24","slug":"bienvenue","status":"publish","type":"page","link":"https:\/\/www.partaginfo.mzw.fr\/","title":{"rendered":"Bienvenue"},"content":{"rendered":"\n<p>L&rsquo;\u00e9volution des connaissances refl\u00e8te sans aucun doute le r\u00e9sultat de la relation humaine dans son ensemble. La r\u00e9alit\u00e9 du v\u00e9cu, au quotidien, met en pr\u00e9sence d&rsquo;un certain nombres de nouveaut\u00e9s qui nourrit sans cesse l&rsquo;acquit. Nous avons, sans aucun doute, pris l&rsquo;habitude d&rsquo;accumuler et de partager tout ce qui permet de continuer notre apprentissage, avec une conscience plus ou moins importante des faits.<\/p>\n\n\n\n<p>Le partage, dont il est question sur ce site, invite \u00e0 donner corps \u00e0 tout ce qui peut l&rsquo;\u00eatre mais aussi qui peut para\u00eetre cach\u00e9. R\u00e9v\u00e9ler des \u00e9l\u00e9ments par notre partage peut permettre de produire une \u00e9mulation tr\u00e8s instructive.<\/p>\n","protected":false},"excerpt":{"rendered":"<p>L&rsquo;\u00e9volution des connaissances refl\u00e8te sans aucun doute le r\u00e9sultat de la relation humaine dans son ensemble. La r\u00e9alit\u00e9 du v\u00e9cu, au quotidien, met en pr\u00e9sence d&rsquo;un certain nombres de nouveaut\u00e9s qui nourrit sans cesse l&rsquo;acquit. Nous avons, sans aucun doute, pris l&rsquo;habitude d&rsquo;accumuler et de partager tout ce qui permet de continuer notre apprentissage, avec [&hellip;]<\/p>\n","protected":false},"author":1,"featured_media":0,"parent":0,"menu_order":0,"comment_status":"closed","ping_status":"closed","template":"","meta":{"footnotes":""},"class_list":["post-36","page","type-page","status-publish","hentry"],"_links":{"self":[{"href":"https:\/\/www.partaginfo.mzw.fr\/index.php?rest_route=\/wp\/v2\/pages\/36","targetHints":{"allow":["GET"]}}],"collection":[{"href":"https:\/\/www.partaginfo.mzw.fr\/index.php?rest_route=\/wp\/v2\/pages"}],"about":[{"href":"https:\/\/www.partaginfo.mzw.fr\/index.php?rest_route=\/wp\/v2\/types\/page"}],"author":[{"embeddable":true,"href":"https:\/\/www.partaginfo.mzw.fr\/index.php?rest_route=\/wp\/v2\/users\/1"}],"replies":[{"embeddable":true,"href":"https:\/\/www.partaginfo.mzw.fr\/index.php?rest_route=%2Fwp%2Fv2%2Fcomments&post=36"}],"version-history":[{"count":1,"href":"https:\/\/www.partaginfo.mzw.fr\/index.php?rest_route=\/wp\/v2\/pages\/36\/revisions"}],"predecessor-version":[{"id":37,"href":"https:\/\/www.partaginfo.mzw.fr\/index.php?rest_route=\/wp\/v2\/pages\/36\/revisions\/37"}],"wp:attachment":[{"href":"https:\/\/www.partaginfo.mzw.fr\/index.php?rest_route=%2Fwp%2Fv2%2Fmedia&parent=36"}],"curies":[{"name":"wp","href":"https:\/\/api.w.org\/{rel}","templated":true}]}}